{"id":166,"date":"2018-05-02T10:09:40","date_gmt":"2018-05-02T10:09:40","guid":{"rendered":"https:\/\/holz-lohse.de\/?page_id=166"},"modified":"2018-08-22T10:11:02","modified_gmt":"2018-08-22T10:11:02","slug":"variotec","status":"publish","type":"page","link":"https:\/\/holz-lohse.de\/en\/variotec\/","title":{"rendered":"Variotec"},"content":{"rendered":"[vc_row type=&#8221;in_container&#8221; full_screen_row_position=&#8221;middle&#8221; scene_position=&#8221;center&#8221; text_color=&#8221;dark&#8221; text_align=&#8221;left&#8221; overlay_strength=&#8221;0.3&#8243; shape_divider_position=&#8221;bottom&#8221;][vc_column column_padding=&#8221;no-extra-padding&#8221; column_padding_position=&#8221;all&#8221; background_color_opacity=&#8221;1&#8243; background_hover_color_opacity=&#8221;1&#8243; column_shadow=&#8221;none&#8221; column_border_radius=&#8221;none&#8221; width=&#8221;2\/3&#8243; tablet_text_alignment=&#8221;default&#8221; phone_text_alignment=&#8221;default&#8221; column_border_width=&#8221;none&#8221; column_border_style=&#8221;solid&#8221;][vc_column_text]\n<h1>Variotec<\/h1>\n[\/vc_column_text][vc_column_text]Unsere Produktpalette umfasst eine gro\u00dfe Auswahl an Variotec Produkten, zB. Haust\u00fcrrohlinge, Sandwichelemente, Design Sperrholzplatten, Haust\u00fcrfriese &#8220;Safety&#8221; und Pur Massiv. In unserem Online Angebot finden Sie eine detaillierte Beschreibung zu den einzelnen Kategorien.<\/p>\n<p>Klicken Sie einfach auf die entsprechende Holzart, um detaillierte Informationen zu erhalten&#8230;<\/p>\n<ul>\n<li><a href=\"http:\/\/www.holz-lohse.de\/index.php?option=com_content&amp;view=category&amp;layout=blog&amp;id=916&amp;Itemid=41&amp;lang=de\">Haust\u00fcrrohlinge<\/a>\n<ul>\n<li><a href=\"http:\/\/www.holz-lohse.de\/index.php?option=com_content&amp;view=article&amp;id=30&amp;Itemid=139&amp;lang=de\">Au\u00dfent\u00fcr Typ PortaLoh<\/a><\/li>\n<li><a href=\"http:\/\/www.holz-lohse.de\/index.php?option=com_content&amp;view=article&amp;id=31&amp;Itemid=140&amp;lang=de\">Au\u00dfent\u00fcr Typ Vario Pur<\/a><\/li>\n<li><a href=\"http:\/\/www.holz-lohse.de\/index.php?option=com_content&amp;view=article&amp;id=32&amp;Itemid=141&amp;lang=de\">Au\u00dfent\u00fcr Typ Allround F2<\/a><\/li>\n<li><a href=\"http:\/\/www.holz-lohse.de\/index.php?option=com_content&amp;view=article&amp;id=33&amp;Itemid=142&amp;lang=de\">Au\u00dfent\u00fcr Typ Allwetter VS<\/a><\/li>\n<\/ul>\n<\/li>\n<li><a href=\"http:\/\/www.holz-lohse.de\/index.php?option=com_content&amp;view=category&amp;layout=blog&amp;id=917&amp;Itemid=42&amp;lang=de\">Sandwichelemente<\/a><\/li>\n<li><a href=\"http:\/\/www.holz-lohse.de\/index.php?option=com_content&amp;view=category&amp;layout=blog&amp;id=918&amp;Itemid=43&amp;lang=de\">Design Sperrholz<\/a><\/li>\n<li><a href=\"http:\/\/www.holz-lohse.de\/index.php?option=com_content&amp;view=category&amp;layout=blog&amp;id=919&amp;Itemid=44&amp;lang=de\">Haust\u00fcrfriese &#8220;Safety&#8221;<\/a><\/li>\n<li><a href=\"http:\/\/www.holz-lohse.de\/index.php?option=com_content&amp;view=category&amp;layout=blog&amp;id=920&amp;Itemid=45&amp;lang=de\">Pur Massiv<\/a><\/li>\n<\/ul>\n[\/vc_column_text][\/vc_column][vc_column column_padding=&#8221;no-extra-padding&#8221; column_padding_position=&#8221;all&#8221; background_color_opacity=&#8221;1&#8243; background_hover_color_opacity=&#8221;1&#8243; column_shadow=&#8221;none&#8221; column_border_radius=&#8221;none&#8221; width=&#8221;1\/3&#8243; tablet_text_alignment=&#8221;default&#8221; phone_text_alignment=&#8221;default&#8221; column_border_width=&#8221;none&#8221; column_border_style=&#8221;solid&#8221;][\/vc_column][\/vc_row]","protected":false},"excerpt":{"rendered":"<p>[vc_row type=&#8221;in_container&#8221; full_screen_row_position=&#8221;middle&#8221; scene_position=&#8221;center&#8221; text_color=&#8221;dark&#8221; text_align=&#8221;left&#8221; overlay_strength=&#8221;0.3&#8243; shape_divider_position=&#8221;bottom&#8221;][vc_column column_padding=&#8221;no-extra-padding&#8221; column_padding_position=&#8221;all&#8221; background_color_opacity=&#8221;1&#8243; background_hover_color_opacity=&#8221;1&#8243; column_shadow=&#8221;none&#8221; column_border_radius=&#8221;none&#8221; width=&#8221;2\/3&#8243; tablet_text_alignment=&#8221;default&#8221; phone_text_alignment=&#8221;default&#8221; column_border_width=&#8221;none&#8221; column_border_style=&#8221;solid&#8221;][vc_column_text] Variotec [\/vc_column_text][vc_column_text]Unsere Produktpalette umfasst eine gro\u00dfe Auswahl an Variotec Produkten, zB&#8230;.<\/p>\n","protected":false},"author":2,"featured_media":0,"parent":0,"menu_order":0,"comment_status":"closed","ping_status":"closed","template":"","meta":{"footnotes":""},"class_list":["post-166","page","type-page","status-publish"],"_links":{"self":[{"href":"https:\/\/holz-lohse.de\/en\/wp-json\/wp\/v2\/pages\/166","targetHints":{"allow":["GET"]}}],"collection":[{"href":"https:\/\/holz-lohse.de\/en\/wp-json\/wp\/v2\/pages"}],"about":[{"href":"https:\/\/holz-lohse.de\/en\/wp-json\/wp\/v2\/types\/page"}],"author":[{"embeddable":true,"href":"https:\/\/holz-lohse.de\/en\/wp-json\/wp\/v2\/users\/2"}],"replies":[{"embeddable":true,"href":"https:\/\/holz-lohse.de\/en\/wp-json\/wp\/v2\/comments?post=166"}],"version-history":[{"count":9,"href":"https:\/\/holz-lohse.de\/en\/wp-json\/wp\/v2\/pages\/166\/revisions"}],"predecessor-version":[{"id":596,"href":"https:\/\/holz-lohse.de\/en\/wp-json\/wp\/v2\/pages\/166\/revisions\/596"}],"wp:attachment":[{"href":"https:\/\/holz-lohse.de\/en\/wp-json\/wp\/v2\/media?parent=166"}],"curies":[{"name":"wp","href":"https:\/\/api.w.org\/{rel}","templated":true}]}}