{"id":168,"date":"2018-05-02T10:24:22","date_gmt":"2018-05-02T10:24:22","guid":{"rendered":"https:\/\/holz-lohse.de\/?page_id=168"},"modified":"2018-05-02T10:24:22","modified_gmt":"2018-05-02T10:24:22","slug":"haustuerrohlinge","status":"publish","type":"page","link":"https:\/\/holz-lohse.de\/en\/haustuerrohlinge\/","title":{"rendered":"Haust\u00fcrrohlinge"},"content":{"rendered":"[vc_row type=&#8221;in_container&#8221; full_screen_row_position=&#8221;middle&#8221; scene_position=&#8221;center&#8221; text_color=&#8221;dark&#8221; text_align=&#8221;left&#8221; overlay_strength=&#8221;0.3&#8243; shape_divider_position=&#8221;bottom&#8221;][vc_column column_padding=&#8221;no-extra-padding&#8221; column_padding_position=&#8221;all&#8221; background_color_opacity=&#8221;1&#8243; background_hover_color_opacity=&#8221;1&#8243; column_shadow=&#8221;none&#8221; column_border_radius=&#8221;none&#8221; width=&#8221;1\/1&#8243; tablet_text_alignment=&#8221;default&#8221; phone_text_alignment=&#8221;default&#8221; column_border_width=&#8221;none&#8221; column_border_style=&#8221;solid&#8221;][vc_column_text]\n<h1>Haust\u00fcrrohlinge<\/h1>\n[\/vc_column_text][\/vc_column][\/vc_row][vc_row type=&#8221;in_container&#8221; full_screen_row_position=&#8221;middle&#8221; scene_position=&#8221;center&#8221; text_color=&#8221;dark&#8221; text_align=&#8221;left&#8221; overlay_strength=&#8221;0.3&#8243; shape_divider_position=&#8221;bottom&#8221;][vc_column column_padding=&#8221;no-extra-padding&#8221; column_padding_position=&#8221;all&#8221; background_color_opacity=&#8221;1&#8243; background_hover_color_opacity=&#8221;1&#8243; column_shadow=&#8221;none&#8221; column_border_radius=&#8221;none&#8221; width=&#8221;1\/1&#8243; tablet_text_alignment=&#8221;default&#8221; phone_text_alignment=&#8221;default&#8221; column_border_width=&#8221;none&#8221; column_border_style=&#8221;solid&#8221;][vc_column_text css=&#8221;.vc_custom_1525256010272{padding-bottom: 20px !important;}&#8221;]\n<h2 class=\"contentheading\">Au\u00dfent\u00fcr Typ PortaLoh<\/h2>\n[\/vc_column_text][vc_row_inner column_margin=&#8221;default&#8221; text_align=&#8221;left&#8221;][vc_column_inner column_padding=&#8221;no-extra-padding&#8221; column_padding_position=&#8221;all&#8221; background_color_opacity=&#8221;1&#8243; background_hover_color_opacity=&#8221;1&#8243; column_shadow=&#8221;none&#8221; column_border_radius=&#8221;none&#8221; width=&#8221;1\/1&#8243; column_border_width=&#8221;none&#8221; column_border_style=&#8221;solid&#8221;][vc_column_text]<b>HT-Rohling, PortaLoh, Rotholzfinelinedeck, Rotholzeinleimer<\/b><br \/>\nAbmessungen: 2150\/2250 x 950\/1050 x 68 m\/m<\/p>\n<p><b>HT-Rohling, PortaLoh, beidseitig 6 mm Rotholzfineline, Fr\u00e4sdeck, Rotholzeinleimer<\/b><br \/>\nAbmessungen: 2150\/2250 x 950\/1050 x 68 m\/m<\/p>\n<p><a href=\"http:\/\/www.holz-lohse.de\/images\/stories\/produkte\/variotec\/aussentuer-portaloh.pdf\" target=\"_blank\" rel=\"noopener\">&#8230;mehr Informationen\u00a0<img decoding=\"async\" src=\"http:\/\/www.holz-lohse.de\/images\/M_images\/pdf_button.png\" border=\"0\" \/><\/a>[\/vc_column_text][\/vc_column_inner][\/vc_row_inner][\/vc_column][\/vc_row][vc_row type=&#8221;in_container&#8221; full_screen_row_position=&#8221;middle&#8221; scene_position=&#8221;center&#8221; text_color=&#8221;dark&#8221; text_align=&#8221;left&#8221; overlay_strength=&#8221;0.3&#8243; shape_divider_position=&#8221;bottom&#8221;][vc_column column_padding=&#8221;no-extra-padding&#8221; column_padding_position=&#8221;all&#8221; background_color_opacity=&#8221;1&#8243; background_hover_color_opacity=&#8221;1&#8243; column_shadow=&#8221;none&#8221; column_border_radius=&#8221;none&#8221; width=&#8221;1\/1&#8243; tablet_text_alignment=&#8221;default&#8221; phone_text_alignment=&#8221;default&#8221; column_border_width=&#8221;none&#8221; column_border_style=&#8221;solid&#8221;][vc_column_text css=&#8221;.vc_custom_1525256035778{padding-bottom: 20px !important;}&#8221;]\n<h2 class=\"contentheading\">Au\u00dfent\u00fcr Typ Vario Pur<\/h2>\n[\/vc_column_text][vc_row_inner column_margin=&#8221;default&#8221; text_align=&#8221;left&#8221;][vc_column_inner column_padding=&#8221;no-extra-padding&#8221; column_padding_position=&#8221;all&#8221; background_color_opacity=&#8221;1&#8243; background_hover_color_opacity=&#8221;1&#8243; column_shadow=&#8221;none&#8221; column_border_radius=&#8221;none&#8221; width=&#8221;1\/1&#8243; column_border_width=&#8221;none&#8221; column_border_style=&#8221;solid&#8221;][vc_column_text]<b>HT-Rohlinge, VarioPur, Rotholzfinelinedeck, Rotholzeinleimer<\/b><br \/>\nSt\u00e4rken: 2150\/2250 x 1150 x 68 m\/m<\/p>\n<p><a href=\"http:\/\/www.holz-lohse.de\/images\/stories\/produkte\/variotec\/aussentuer-vario-pur.pdf\" target=\"_blank\" rel=\"noopener\">&#8230;mehr Informationen\u00a0<img decoding=\"async\" src=\"http:\/\/www.holz-lohse.de\/images\/M_images\/pdf_button.png\" border=\"0\" \/><\/a>[\/vc_column_text][\/vc_column_inner][\/vc_row_inner][\/vc_column][\/vc_row][vc_row type=&#8221;in_container&#8221; full_screen_row_position=&#8221;middle&#8221; scene_position=&#8221;center&#8221; text_color=&#8221;dark&#8221; text_align=&#8221;left&#8221; overlay_strength=&#8221;0.3&#8243; shape_divider_position=&#8221;bottom&#8221;][vc_column column_padding=&#8221;no-extra-padding&#8221; column_padding_position=&#8221;all&#8221; background_color_opacity=&#8221;1&#8243; background_hover_color_opacity=&#8221;1&#8243; column_shadow=&#8221;none&#8221; column_border_radius=&#8221;none&#8221; width=&#8221;1\/1&#8243; tablet_text_alignment=&#8221;default&#8221; phone_text_alignment=&#8221;default&#8221; column_border_width=&#8221;none&#8221; column_border_style=&#8221;solid&#8221;][vc_column_text css=&#8221;.vc_custom_1525256063439{padding-bottom: 20px !important;}&#8221;]\n<h2 class=\"contentheading\">Au\u00dfent\u00fcr Typ Allround F2<\/h2>\n[\/vc_column_text][vc_row_inner column_margin=&#8221;default&#8221; text_align=&#8221;left&#8221;][vc_column_inner column_padding=&#8221;no-extra-padding&#8221; column_padding_position=&#8221;all&#8221; background_color_opacity=&#8221;1&#8243; background_hover_color_opacity=&#8221;1&#8243; column_shadow=&#8221;none&#8221; column_border_radius=&#8221;none&#8221; width=&#8221;1\/1&#8243; column_border_width=&#8221;none&#8221; column_border_style=&#8221;solid&#8221;][vc_column_text]<b>HT-Rohlinge, Allround, angepasster Einleimer<\/b><br \/>\nAbmessungen: 2150 x 950\/1050 mm<br \/>\nOberfl\u00e4chen: Okoum\u00e9 MF, Sapeli MF, L\u00e4rche Fineline, Kiefer Fineline<\/p>\n<p><a href=\"http:\/\/www.holz-lohse.de\/images\/stories\/produkte\/variotec\/aussentuer-allround-f2.pdf\" target=\"_blank\" rel=\"noopener\">&#8230;mehr Informationen\u00a0<img decoding=\"async\" src=\"http:\/\/www.holz-lohse.de\/images\/M_images\/pdf_button.png\" border=\"0\" \/><\/a>[\/vc_column_text][\/vc_column_inner][\/vc_row_inner][\/vc_column][\/vc_row][vc_row type=&#8221;in_container&#8221; full_screen_row_position=&#8221;middle&#8221; scene_position=&#8221;center&#8221; text_color=&#8221;dark&#8221; text_align=&#8221;left&#8221; overlay_strength=&#8221;0.3&#8243; shape_divider_position=&#8221;bottom&#8221;][vc_column column_padding=&#8221;no-extra-padding&#8221; column_padding_position=&#8221;all&#8221; background_color_opacity=&#8221;1&#8243; background_hover_color_opacity=&#8221;1&#8243; column_shadow=&#8221;none&#8221; column_border_radius=&#8221;none&#8221; width=&#8221;1\/1&#8243; tablet_text_alignment=&#8221;default&#8221; phone_text_alignment=&#8221;default&#8221; column_border_width=&#8221;none&#8221; column_border_style=&#8221;solid&#8221;][vc_column_text css=&#8221;.vc_custom_1525256085357{padding-bottom: 20px !important;}&#8221;]\n<h2 class=\"contentheading\">Au\u00dfent\u00fcr Typ Allwetter VS<\/h2>\n[\/vc_column_text][vc_row_inner column_margin=&#8221;default&#8221; text_align=&#8221;left&#8221;][vc_column_inner column_padding=&#8221;no-extra-padding&#8221; column_padding_position=&#8221;all&#8221; background_color_opacity=&#8221;1&#8243; background_hover_color_opacity=&#8221;1&#8243; column_shadow=&#8221;none&#8221; column_border_radius=&#8221;none&#8221; width=&#8221;1\/1&#8243; column_border_width=&#8221;none&#8221; column_border_style=&#8221;solid&#8221;][vc_column_text]<b>HT-Rohlinge, Allwetter, Rotholzfinelinedeck, Rotholzeinleimer<\/b><br \/>\nAbmessungen: 2400 x 1050\/1150 x 68 m\/m<\/p>\n<p><a href=\"http:\/\/www.holz-lohse.de\/images\/stories\/produkte\/variotec\/aussentueren-allwetter-vs.pdf\" target=\"_blank\" rel=\"noopener\">&#8230;mehr Informationen\u00a0<img decoding=\"async\" src=\"http:\/\/www.holz-lohse.de\/images\/M_images\/pdf_button.png\" border=\"0\" \/><\/a>[\/vc_column_text][\/vc_column_inner][\/vc_row_inner][\/vc_column][\/vc_row]\n","protected":false},"excerpt":{"rendered":"<p>[vc_row type=&#8221;in_container&#8221; full_screen_row_position=&#8221;middle&#8221; scene_position=&#8221;center&#8221; text_color=&#8221;dark&#8221; text_align=&#8221;left&#8221; overlay_strength=&#8221;0.3&#8243; shape_divider_position=&#8221;bottom&#8221;][vc_column column_padding=&#8221;no-extra-padding&#8221; column_padding_position=&#8221;all&#8221; background_color_opacity=&#8221;1&#8243; background_hover_color_opacity=&#8221;1&#8243; column_shadow=&#8221;none&#8221; column_border_radius=&#8221;none&#8221; width=&#8221;1\/1&#8243; tablet_text_alignment=&#8221;default&#8221; phone_text_alignment=&#8221;default&#8221; column_border_width=&#8221;none&#8221; column_border_style=&#8221;solid&#8221;][vc_column_text] Haust\u00fcrrohlinge [\/vc_column_text][\/vc_column][\/vc_row][vc_row type=&#8221;in_container&#8221; full_screen_row_position=&#8221;middle&#8221; scene_position=&#8221;center&#8221; text_color=&#8221;dark&#8221; text_align=&#8221;left&#8221; overlay_strength=&#8221;0.3&#8243; shape_divider_position=&#8221;bottom&#8221;][vc_column column_padding=&#8221;no-extra-padding&#8221; column_padding_position=&#8221;all&#8221;&#8230;<\/p>\n","protected":false},"author":2,"featured_media":0,"parent":0,"menu_order":0,"comment_status":"closed","ping_status":"closed","template":"","meta":{"footnotes":""},"class_list":["post-168","page","type-page","status-publish"],"_links":{"self":[{"href":"https:\/\/holz-lohse.de\/en\/wp-json\/wp\/v2\/pages\/168","targetHints":{"allow":["GET"]}}],"collection":[{"href":"https:\/\/holz-lohse.de\/en\/wp-json\/wp\/v2\/pages"}],"about":[{"href":"https:\/\/holz-lohse.de\/en\/wp-json\/wp\/v2\/types\/page"}],"author":[{"embeddable":true,"href":"https:\/\/holz-lohse.de\/en\/wp-json\/wp\/v2\/users\/2"}],"replies":[{"embeddable":true,"href":"https:\/\/holz-lohse.de\/en\/wp-json\/wp\/v2\/comments?post=168"}],"version-history":[{"count":3,"href":"https:\/\/holz-lohse.de\/en\/wp-json\/wp\/v2\/pages\/168\/revisions"}],"predecessor-version":[{"id":171,"href":"https:\/\/holz-lohse.de\/en\/wp-json\/wp\/v2\/pages\/168\/revisions\/171"}],"wp:attachment":[{"href":"https:\/\/holz-lohse.de\/en\/wp-json\/wp\/v2\/media?parent=168"}],"curies":[{"name":"wp","href":"https:\/\/api.w.org\/{rel}","templated":true}]}}