{"id":235,"date":"2018-05-02T12:02:28","date_gmt":"2018-05-02T12:02:28","guid":{"rendered":"https:\/\/holz-lohse.de\/?page_id=235"},"modified":"2018-08-06T13:07:35","modified_gmt":"2018-08-06T13:07:35","slug":"leimholz","status":"publish","type":"page","link":"https:\/\/holz-lohse.de\/en\/leimholz\/","title":{"rendered":"Leimholz"},"content":{"rendered":"[vc_row type=&#8221;in_container&#8221; full_screen_row_position=&#8221;middle&#8221; bg_color=&#8221;#ffffff&#8221; scene_position=&#8221;center&#8221; text_color=&#8221;dark&#8221; text_align=&#8221;left&#8221; overlay_strength=&#8221;0.3&#8243; shape_divider_position=&#8221;bottom&#8221; shape_type=&#8221;&#8221;][vc_column column_padding=&#8221;no-extra-padding&#8221; column_padding_position=&#8221;all&#8221; background_color_opacity=&#8221;1&#8243; background_hover_color_opacity=&#8221;1&#8243; column_shadow=&#8221;none&#8221; column_border_radius=&#8221;none&#8221; width=&#8221;1\/1&#8243; tablet_text_alignment=&#8221;default&#8221; phone_text_alignment=&#8221;default&#8221; column_border_width=&#8221;none&#8221; column_border_style=&#8221;solid&#8221;][vc_column_text]\n<h1>KVH &amp; BSH<\/h1>\n[\/vc_column_text][\/vc_column][\/vc_row][vc_row type=&#8221;in_container&#8221; full_screen_row_position=&#8221;middle&#8221; scene_position=&#8221;center&#8221; text_color=&#8221;dark&#8221; text_align=&#8221;left&#8221; bottom_padding=&#8221;50&#8243; overlay_strength=&#8221;0.3&#8243; shape_divider_position=&#8221;bottom&#8221; shape_type=&#8221;&#8221;][vc_column column_padding=&#8221;no-extra-padding&#8221; column_padding_position=&#8221;all&#8221; background_color_opacity=&#8221;1&#8243; background_hover_color_opacity=&#8221;1&#8243; column_shadow=&#8221;none&#8221; column_border_radius=&#8221;none&#8221; width=&#8221;1\/1&#8243; tablet_text_alignment=&#8221;default&#8221; phone_text_alignment=&#8221;default&#8221; column_border_width=&#8221;none&#8221; column_border_style=&#8221;solid&#8221;][vc_column_text css=&#8221;.vc_custom_1531905158608{padding-bottom: 20px !important;}&#8221;]\n<h2>Konstruktionsh\u00f6lzer in Fichte\/Tanne und L\u00e4rche\/Douglasie<\/h2>\n[\/vc_column_text][vc_row_inner column_margin=&#8221;default&#8221; text_align=&#8221;left&#8221;][vc_column_inner column_padding=&#8221;no-extra-padding&#8221; column_padding_position=&#8221;all&#8221; background_color_opacity=&#8221;1&#8243; background_hover_color_opacity=&#8221;1&#8243; column_shadow=&#8221;none&#8221; column_border_radius=&#8221;none&#8221; width=&#8221;1\/3&#8243; column_border_width=&#8221;none&#8221; column_border_style=&#8221;solid&#8221;]<div class=\"img-with-aniamtion-wrap \" data-max-width=\"100%\" data-border-radius=\"none\"><div class=\"inner\"><img loading=\"lazy\" decoding=\"async\" data-shadow=\"none\" data-shadow-direction=\"middle\" class=\"img-with-animation skip-lazy \" data-delay=\"0\" height=\"109\" width=\"174\"  data-animation=\"fade-in\" src=\"https:\/\/holz-lohse.de\/wp-content\/uploads\/2018\/05\/174x109-images-stories-produkte-leimholz-Konstruktionsvollholz-KVH.jpg\"  alt=\"\" \/><\/div><\/div>[\/vc_column_inner][vc_column_inner column_padding=&#8221;no-extra-padding&#8221; column_padding_position=&#8221;all&#8221; background_color_opacity=&#8221;1&#8243; background_hover_color_opacity=&#8221;1&#8243; column_shadow=&#8221;none&#8221; column_border_radius=&#8221;none&#8221; width=&#8221;2\/3&#8243; column_border_width=&#8221;none&#8221; column_border_style=&#8221;solid&#8221;][vc_column_text]\n<table width=\"784\">\n<tbody>\n<tr>\n<td colspan=\"7\" width=\"784\">\n<h3>Konstruktionsholz (KH), Fichte, NSi, gehobelt und gefast<\/h3>\n<\/td>\n<\/tr>\n<tr>\n<td>B x H<\/td>\n<td>L\u00e4ngen:<\/td>\n<td><\/td>\n<td><\/td>\n<td width=\"112\">B x H<\/td>\n<td>L\u00e4ngen:<\/td>\n<td><\/td>\n<\/tr>\n<tr>\n<td>4 x 6 cm<\/td>\n<td>5,-\/6,- m<\/td>\n<td><\/td>\n<td><\/td>\n<td>4 x 16 cm<\/td>\n<td>5,- m<\/td>\n<td><\/td>\n<\/tr>\n<tr>\n<td>4 x 8 cm<\/td>\n<td>5,- m<\/td>\n<td><\/td>\n<td><\/td>\n<td>4 x 20 cm<\/td>\n<td>5,-\/6,- m<\/td>\n<td><\/td>\n<\/tr>\n<tr>\n<td>4 x 10 cm<\/td>\n<td>5,- m<\/td>\n<td><\/td>\n<td><\/td>\n<td>4 x 24 cm<\/td>\n<td>5,-\/6,- m<\/td>\n<td><\/td>\n<\/tr>\n<tr>\n<td>4 x 12 cm<\/td>\n<td>5,- m<\/td>\n<td><\/td>\n<td><\/td>\n<td><\/td>\n<td><\/td>\n<td><\/td>\n<\/tr>\n<tr>\n<td width=\"112\"><\/td>\n<td width=\"112\"><\/td>\n<td width=\"112\"><\/td>\n<td><\/td>\n<td><\/td>\n<td><\/td>\n<td><\/td>\n<\/tr>\n<tr>\n<td colspan=\"7\">\n<h3>Konstruktionsvollholz (KVH), Fi\/Ta, Nsi, DIN 4074-1\/S10, DIN 1052\/C24, kg<\/h3>\n<\/td>\n<\/tr>\n<tr>\n<td>4 x 24 cm<\/td>\n<td>13,- m<\/td>\n<td><\/td>\n<td width=\"112\"><\/td>\n<td>10 x 16 cm<\/td>\n<td>6,50\/10,-\/13,- m<\/td>\n<td><\/td>\n<\/tr>\n<tr>\n<td>6 x 6 cm<\/td>\n<td>5,-\/6,- m<\/td>\n<td><\/td>\n<td width=\"112\"><\/td>\n<td>10 x 18 cm<\/td>\n<td>6,50\/13,- m<\/td>\n<td><\/td>\n<\/tr>\n<tr>\n<td>6 x 8 cm<\/td>\n<td colspan=\"2\">5,-\/5,40\/6,-\/13,- m<\/td>\n<td width=\"112\"><\/td>\n<td>10 x 20 cm<\/td>\n<td colspan=\"2\">5,-\/8,-\/10,-\/11,50\/13,- m<\/td>\n<\/tr>\n<tr>\n<td>6 x 10 cm<\/td>\n<td>5,-\/6,-\/13,- m<\/td>\n<td><\/td>\n<td width=\"112\"><\/td>\n<td>10 x 22 cm<\/td>\n<td>6,50\/10,-\/13,- m<\/td>\n<td><\/td>\n<\/tr>\n<tr>\n<td>6 x 12 cm<\/td>\n<td colspan=\"2\">5,-\/6,-\/8,-\/10,-\/13,- m<\/td>\n<td width=\"112\"><\/td>\n<td>10 x 24 cm<\/td>\n<td colspan=\"2\">8,-\/10,-\/11,50\/13,- m<\/td>\n<\/tr>\n<tr>\n<td>6 x 14 cm<\/td>\n<td colspan=\"2\">5,-\/6,-\/6,50\/13,- m<\/td>\n<td width=\"112\"><\/td>\n<td>10 x 26 cm<\/td>\n<td>6,50\/10,-\/13,- m<\/td>\n<td><\/td>\n<\/tr>\n<tr>\n<td>6 x 16 cm<\/td>\n<td colspan=\"2\">5,-\/6,-\/7,-\/8,-\/10,-\/13,- m<\/td>\n<td width=\"112\"><\/td>\n<td>10 x 28 cm<\/td>\n<td>6,50\/13,- m<\/td>\n<td><\/td>\n<\/tr>\n<tr>\n<td>6 x 18 cm<\/td>\n<td colspan=\"2\">5,-\/6,-\/7,-\/8,-\/10,-\/13,- m<\/td>\n<td width=\"112\"><\/td>\n<td>12 x 12 cm<\/td>\n<td colspan=\"2\">5,-\/6,-\/8,-\/13,- m<\/td>\n<\/tr>\n<tr>\n<td>6 x 20 cm<\/td>\n<td colspan=\"3\">5,-\/6,-\/7,-\/8,-\/9,-\/10,-\/ 11,50\/13,- m<\/td>\n<td>12 x 14 cm<\/td>\n<td>6,50\/13,- m<\/td>\n<td><\/td>\n<\/tr>\n<tr>\n<td>6 x 22 cm<\/td>\n<td>8,-\/10,-\/13,- m<\/td>\n<td><\/td>\n<td width=\"112\"><\/td>\n<td>12 x 16 cm<\/td>\n<td>6,50\/10,-\/13,- m<\/td>\n<td><\/td>\n<\/tr>\n<tr>\n<td>6 x 24 cm<\/td>\n<td colspan=\"3\">5,-\/6,-\/7,-\/7,50\/8,-\/8,50\/9,-\/10,-\/11,50\/13,- m<\/td>\n<td>12 x 18 cm<\/td>\n<td>6,50\/13,- m<\/td>\n<td><\/td>\n<\/tr>\n<tr>\n<td>6 x 26 cm<\/td>\n<td colspan=\"2\">7,-\/8,-\/9,-\/10,-\/11,50\/13,- m<\/td>\n<td width=\"112\"><\/td>\n<td>12 x 20 cm<\/td>\n<td>6,50\/10,-\/13,- m<\/td>\n<td><\/td>\n<\/tr>\n<tr>\n<td>6 x 28 cm<\/td>\n<td>6,50\/13,- m<\/td>\n<td><\/td>\n<td width=\"112\"><\/td>\n<td>12 x 22 cm<\/td>\n<td>6,50\/10,-\/13,- m<\/td>\n<td><\/td>\n<\/tr>\n<tr>\n<td>6 x 30 cm<\/td>\n<td>6,50\/13,- m<\/td>\n<td><\/td>\n<td width=\"112\"><\/td>\n<td>12 x 24 cm<\/td>\n<td colspan=\"2\">8,-\/10,-\/11,50\/13,- m<\/td>\n<\/tr>\n<tr>\n<td>8 x 8 cm<\/td>\n<td>5,- m<\/td>\n<td><\/td>\n<td width=\"112\"><\/td>\n<td>12 x 26 cm<\/td>\n<td>6,50\/10,-\/13,- m<\/td>\n<td><\/td>\n<\/tr>\n<tr>\n<td>8 x 10 cm<\/td>\n<td>5,-\/13,- m<\/td>\n<td><\/td>\n<td width=\"112\"><\/td>\n<td>12 x 28 cm<\/td>\n<td>6,50\/13,- m<\/td>\n<td><\/td>\n<\/tr>\n<tr>\n<td>8 x 12 cm<\/td>\n<td>5,-\/13,- m<\/td>\n<td><\/td>\n<td width=\"112\"><\/td>\n<td>14 x 14 cm<\/td>\n<td>8,-\/10,-\/13,- m<\/td>\n<td><\/td>\n<\/tr>\n<tr>\n<td>8 x 14 cm<\/td>\n<td>5,-\/13,- m<\/td>\n<td><\/td>\n<td width=\"112\"><\/td>\n<td>14 x 16 cm<\/td>\n<td>6,50\/13,- m<\/td>\n<td><\/td>\n<\/tr>\n<tr>\n<td>8 x 16 cm<\/td>\n<td colspan=\"2\">5,-\/6,-\/7,-\/8,-\/9,-\/10,-\/13,- m<\/td>\n<td width=\"112\"><\/td>\n<td>14 x 20 cm<\/td>\n<td>6,50\/10,-\/13,- m<\/td>\n<td><\/td>\n<\/tr>\n<tr>\n<td>8 x 18 cm<\/td>\n<td colspan=\"2\">7,-\/8,-\/9,-\/10,-\/13,- m<\/td>\n<td width=\"112\"><\/td>\n<td>14 x 22 cm<\/td>\n<td>6,50\/13,- m<\/td>\n<td><\/td>\n<\/tr>\n<tr>\n<td>8 x 20 cm<\/td>\n<td colspan=\"3\">5,-\/6,-\/7,-\/8,-\/9,-\/10,-\/ 11,50\/13,- m<\/td>\n<td>14 x 24 cm<\/td>\n<td>6,50\/10,-\/13,- m<\/td>\n<td><\/td>\n<\/tr>\n<tr>\n<td>8 x 22 cm<\/td>\n<td colspan=\"2\">7,-\/8,-\/9,-\/10,-\/11,50\/13,- m<\/td>\n<td width=\"112\"><\/td>\n<td>14 x 26 cm<\/td>\n<td>6,50\/10,-\/13,- m<\/td>\n<td><\/td>\n<\/tr>\n<tr>\n<td>8 x 24 cm<\/td>\n<td colspan=\"3\">5,-\/6,-\/7,-\/7,50\/8,-\/8,50\/9,-\/10,-\/ 11,50\/13,- m<\/td>\n<td>14 x 28 cm<\/td>\n<td>6,50\/10,-\/13,- m<\/td>\n<td><\/td>\n<\/tr>\n<tr>\n<td>8 x 26 cm<\/td>\n<td colspan=\"2\">6,50,-\/8,-\/10,-\/13,- m<\/td>\n<td width=\"112\"><\/td>\n<td>16 x 16 cm<\/td>\n<td>6,50\/13,- m<\/td>\n<td><\/td>\n<\/tr>\n<tr>\n<td>8 x 28 cm<\/td>\n<td>6,50\/13,- m<\/td>\n<td><\/td>\n<td width=\"112\"><\/td>\n<td>16 x 18 cm<\/td>\n<td>6,50\/13,- m<\/td>\n<td><\/td>\n<\/tr>\n<tr>\n<td>8 x 30 cm<\/td>\n<td>6,50\/13,- m<\/td>\n<td><\/td>\n<td width=\"112\"><\/td>\n<td>16 x 20 cm<\/td>\n<td>6,50\/13,- m<\/td>\n<td><\/td>\n<\/tr>\n<tr>\n<td>10 x 10 cm<\/td>\n<td>5,-\/6,-\/8,-\/13,- m<\/td>\n<td><\/td>\n<td width=\"112\"><\/td>\n<td>16 x 24 cm<\/td>\n<td>6,50\/13,- m<\/td>\n<td><\/td>\n<\/tr>\n<tr>\n<td>10 x 12 cm<\/td>\n<td>6,50\/10,-\/13,- m<\/td>\n<td><\/td>\n<td><\/td>\n<td>16 x 26 cm<\/td>\n<td>6,50\/13,- m<\/td>\n<td><\/td>\n<\/tr>\n<tr>\n<td>10 x 14 cm<\/td>\n<td>6,50\/13,- m<\/td>\n<td><\/td>\n<td><\/td>\n<td>16 x 28 cm<\/td>\n<td>6,50\/10,-\/13,- m<\/td>\n<td><\/td>\n<\/tr>\n<tr>\n<td><\/td>\n<td><\/td>\n<td><\/td>\n<td><\/td>\n<td><\/td>\n<td><\/td>\n<td><\/td>\n<\/tr>\n<tr>\n<td colspan=\"7\" width=\"784\">\n<h3>Konstruktionsvollholz (KVH), Douglasie\/L\u00e4rche, Nsi, natur \/ kg<\/h3>\n<\/td>\n<\/tr>\n<tr>\n<td width=\"112\">6 x 8 cm<\/td>\n<td width=\"112\">5,-m<\/td>\n<td width=\"112\"><\/td>\n<td width=\"112\"><\/td>\n<td width=\"112\">8 x 20 cm<\/td>\n<td width=\"112\">5,-\/13,- m<\/td>\n<td width=\"112\"><\/td>\n<\/tr>\n<tr>\n<td width=\"112\">6 x 10 cm<\/td>\n<td width=\"112\">5,-\/13,- m<\/td>\n<td width=\"112\"><\/td>\n<td width=\"112\"><\/td>\n<td width=\"112\">8 x 24 cm<\/td>\n<td width=\"112\">6,50\/13,- m<\/td>\n<td width=\"112\"><\/td>\n<\/tr>\n<tr>\n<td width=\"112\">6 x 12 cm<\/td>\n<td width=\"112\">5,-\/13,- m<\/td>\n<td width=\"112\"><\/td>\n<td width=\"112\"><\/td>\n<td width=\"112\">10 x 10 cm<\/td>\n<td width=\"112\">5,-\/ 13,- m<\/td>\n<td width=\"112\"><\/td>\n<\/tr>\n<tr>\n<td width=\"112\">6 x 16 cm<\/td>\n<td width=\"112\">5,-\/13,- m<\/td>\n<td width=\"112\"><\/td>\n<td width=\"112\"><\/td>\n<td width=\"112\">12 x 12 cm<\/td>\n<td width=\"112\">5,-\/13,- m<\/td>\n<td width=\"112\"><\/td>\n<\/tr>\n<tr>\n<td width=\"112\">6 x 18 cm<\/td>\n<td width=\"112\">6,50\/13,- m<\/td>\n<td width=\"112\"><\/td>\n<td width=\"112\"><\/td>\n<td width=\"112\">12 x 16 cm<\/td>\n<td width=\"112\">6,50\/13,- m<\/td>\n<td width=\"112\"><\/td>\n<\/tr>\n<tr>\n<td width=\"112\">6 x 20 cm<\/td>\n<td width=\"112\">5,-\/13,-m<\/td>\n<td width=\"112\"><\/td>\n<td width=\"112\"><\/td>\n<td width=\"112\">12 x 20 cm<\/td>\n<td width=\"112\">6,50\/13,- m<\/td>\n<td width=\"112\"><\/td>\n<\/tr>\n<tr>\n<td width=\"112\">6 x 24 cm<\/td>\n<td width=\"112\">6,50\/13,- m<\/td>\n<td width=\"112\"><\/td>\n<td width=\"112\"><\/td>\n<td width=\"112\">12 x 24 cm<\/td>\n<td width=\"112\">6,50\/13,- m<\/td>\n<td width=\"112\"><\/td>\n<\/tr>\n<tr>\n<td width=\"112\">8 x 16 cm<\/td>\n<td width=\"112\">6,50\/13,- m<\/td>\n<td width=\"112\"><\/td>\n<td width=\"112\"><\/td>\n<td width=\"112\">14 x 14 cm<\/td>\n<td width=\"112\">6,50\/13,- m<\/td>\n<td width=\"112\"><\/td>\n<\/tr>\n<\/tbody>\n<\/table>\n[\/vc_column_text][\/vc_column_inner][\/vc_row_inner][\/vc_column][\/vc_row][vc_row type=&#8221;in_container&#8221; full_screen_row_position=&#8221;middle&#8221; scene_position=&#8221;center&#8221; text_color=&#8221;dark&#8221; text_align=&#8221;left&#8221; bottom_padding=&#8221;50&#8243; overlay_strength=&#8221;0.3&#8243; shape_divider_position=&#8221;bottom&#8221; shape_type=&#8221;&#8221;][vc_column column_padding=&#8221;no-extra-padding&#8221; column_padding_position=&#8221;all&#8221; background_color_opacity=&#8221;1&#8243; background_hover_color_opacity=&#8221;1&#8243; column_shadow=&#8221;none&#8221; column_border_radius=&#8221;none&#8221; width=&#8221;1\/1&#8243; tablet_text_alignment=&#8221;default&#8221; phone_text_alignment=&#8221;default&#8221; column_border_width=&#8221;none&#8221; column_border_style=&#8221;solid&#8221;][vc_column_text css=&#8221;.vc_custom_1525262528878{padding-bottom: 20px !important;}&#8221;]\n<h2>Brettschichtholz<\/h2>\n[\/vc_column_text][vc_row_inner column_margin=&#8221;default&#8221; text_align=&#8221;left&#8221;][vc_column_inner column_padding=&#8221;no-extra-padding&#8221; column_padding_position=&#8221;all&#8221; background_color_opacity=&#8221;1&#8243; background_hover_color_opacity=&#8221;1&#8243; column_shadow=&#8221;none&#8221; column_border_radius=&#8221;none&#8221; width=&#8221;1\/3&#8243; column_border_width=&#8221;none&#8221; column_border_style=&#8221;solid&#8221;]<div class=\"img-with-aniamtion-wrap \" data-max-width=\"100%\" data-border-radius=\"none\"><div class=\"inner\"><img loading=\"lazy\" decoding=\"async\" data-shadow=\"none\" data-shadow-direction=\"middle\" class=\"img-with-animation skip-lazy \" data-delay=\"0\" height=\"109\" width=\"174\"  data-animation=\"fade-in\" src=\"https:\/\/holz-lohse.de\/wp-content\/uploads\/2018\/05\/174x109-images-stories-produkte-leimholz-Konstruktionsvollholz-KVH.jpg\"  alt=\"\" \/><\/div><\/div>[\/vc_column_inner][vc_column_inner column_padding=&#8221;no-extra-padding&#8221; column_padding_position=&#8221;all&#8221; background_color_opacity=&#8221;1&#8243; background_hover_color_opacity=&#8221;1&#8243; column_shadow=&#8221;none&#8221; column_border_radius=&#8221;none&#8221; width=&#8221;2\/3&#8243; column_border_width=&#8221;none&#8221; column_border_style=&#8221;solid&#8221;][vc_column_text]\n<table width=\"560\">\n<tbody>\n<tr>\n<td colspan=\"5\" width=\"560\">\n<h3>BSH, Fichte, GL 24h nach EN 14080:2013, GL 28h nach DIN 1052, alls. gehobelt + gefast, helle Leimfuge (Melamin), einzeln foliert<\/h3>\n<\/td>\n<\/tr>\n<tr>\n<td colspan=\"4\">\n<h4>Lagerl\u00e4ngen: 5,25\/6,75\/8,50\/10,50\/13,50 m<\/h4>\n<\/td>\n<td width=\"112\"><\/td>\n<\/tr>\n<tr>\n<td width=\"112\">Breite mm<\/td>\n<td width=\"112\">H\u00f6he mm<\/td>\n<td><\/td>\n<td width=\"112\">Breite mm<\/td>\n<td width=\"112\">H\u00f6he mm<\/td>\n<\/tr>\n<tr>\n<td width=\"112\">60<\/td>\n<td width=\"112\">120-Si<\/td>\n<td><\/td>\n<td width=\"112\">160<\/td>\n<td width=\"112\">160-Si<\/td>\n<\/tr>\n<tr>\n<td width=\"112\"><\/td>\n<td width=\"112\">160-Si<\/td>\n<td><\/td>\n<td width=\"112\"><\/td>\n<td width=\"112\">200-Si<\/td>\n<\/tr>\n<tr>\n<td width=\"112\"><\/td>\n<td width=\"112\">200-Si<\/td>\n<td><\/td>\n<td width=\"112\"><\/td>\n<td width=\"112\">240-Si<\/td>\n<\/tr>\n<tr>\n<td width=\"112\">80<\/td>\n<td width=\"112\">120-Si<\/td>\n<td><\/td>\n<td width=\"112\"><\/td>\n<td width=\"112\">280-Nsi<\/td>\n<\/tr>\n<tr>\n<td width=\"112\"><\/td>\n<td width=\"112\">160-Si<\/td>\n<td><\/td>\n<td width=\"112\"><\/td>\n<td width=\"112\">320-Nsi<\/td>\n<\/tr>\n<tr>\n<td width=\"112\"><\/td>\n<td width=\"112\">200-Si<\/td>\n<td><\/td>\n<td width=\"112\"><\/td>\n<td width=\"112\">360-Nsi<\/td>\n<\/tr>\n<tr>\n<td width=\"112\"><\/td>\n<td width=\"112\">240-Si<\/td>\n<td><\/td>\n<td width=\"112\"><\/td>\n<td width=\"112\">400-Nsi<\/td>\n<\/tr>\n<tr>\n<td width=\"112\">100<\/td>\n<td width=\"112\">100-Si<\/td>\n<td><\/td>\n<td width=\"112\"><\/td>\n<td width=\"112\">440-Nsi<\/td>\n<\/tr>\n<tr>\n<td width=\"112\"><\/td>\n<td width=\"112\">160-Si<\/td>\n<td><\/td>\n<td width=\"112\">180<\/td>\n<td width=\"112\">240-Si<\/td>\n<\/tr>\n<tr>\n<td width=\"112\"><\/td>\n<td width=\"112\">200-Si<\/td>\n<td><\/td>\n<td width=\"112\"><\/td>\n<td width=\"112\">280-NSi<\/td>\n<\/tr>\n<tr>\n<td width=\"112\"><\/td>\n<td width=\"112\">240-Si<\/td>\n<td><\/td>\n<td width=\"112\"><\/td>\n<td width=\"112\">320-Nsi<\/td>\n<\/tr>\n<tr>\n<td width=\"112\"><\/td>\n<td width=\"112\">280-Nsi<\/td>\n<td><\/td>\n<td width=\"112\"><\/td>\n<td width=\"112\">360-Nsi<\/td>\n<\/tr>\n<tr>\n<td width=\"112\">120<\/td>\n<td width=\"112\">120-Si<\/td>\n<td><\/td>\n<td width=\"112\">200<\/td>\n<td width=\"112\">200-Si<\/td>\n<\/tr>\n<tr>\n<td width=\"112\"><\/td>\n<td width=\"112\">160-Si<\/td>\n<td><\/td>\n<td width=\"112\"><\/td>\n<td width=\"112\">240-Si<\/td>\n<\/tr>\n<tr>\n<td width=\"112\"><\/td>\n<td width=\"112\">200-Si<\/td>\n<td><\/td>\n<td width=\"112\"><\/td>\n<td width=\"112\">\u00a0280-Nsi<\/td>\n<\/tr>\n<tr>\n<td width=\"112\"><\/td>\n<td width=\"112\">240-Si<\/td>\n<td><\/td>\n<td width=\"112\"><\/td>\n<td width=\"112\">\u00a0320-Nsi<\/td>\n<\/tr>\n<tr>\n<td width=\"112\"><\/td>\n<td width=\"112\">280-Nsi<\/td>\n<td><\/td>\n<td width=\"112\"><\/td>\n<td width=\"112\">\u00a0360-Nsi<\/td>\n<\/tr>\n<tr>\n<td width=\"112\"><\/td>\n<td width=\"112\">320-Nsi<\/td>\n<td><\/td>\n<td width=\"112\"><\/td>\n<td width=\"112\">\u00a0400-Nsi<\/td>\n<\/tr>\n<tr>\n<td width=\"112\"><\/td>\n<td width=\"112\">360-Nsi<\/td>\n<td><\/td>\n<td width=\"112\"><\/td>\n<td width=\"112\">\u00a0440-Nsi<\/td>\n<\/tr>\n<tr>\n<td width=\"112\">140<\/td>\n<td width=\"112\">140-Si<\/td>\n<td><\/td>\n<td><\/td>\n<td><\/td>\n<\/tr>\n<tr>\n<td width=\"112\"><\/td>\n<td width=\"112\">200-Si<\/td>\n<td><\/td>\n<td><\/td>\n<td><\/td>\n<\/tr>\n<tr>\n<td width=\"112\"><\/td>\n<td width=\"112\">240-Si<\/td>\n<td width=\"112\"><\/td>\n<td width=\"112\"><\/td>\n<td width=\"112\"><\/td>\n<\/tr>\n<tr>\n<td width=\"112\"><\/td>\n<td width=\"112\">280-Nsi<\/td>\n<td width=\"112\"><\/td>\n<td width=\"112\"><\/td>\n<td width=\"112\"><\/td>\n<\/tr>\n<tr>\n<td width=\"112\"><\/td>\n<td width=\"112\">320-Nsi<\/td>\n<td width=\"112\"><\/td>\n<td width=\"112\"><\/td>\n<td width=\"112\"><\/td>\n<\/tr>\n<tr>\n<td width=\"112\"><\/td>\n<td width=\"112\">360-Nsi<\/td>\n<td width=\"112\"><\/td>\n<td width=\"112\"><\/td>\n<td width=\"112\"><\/td>\n<\/tr>\n<\/tbody>\n<\/table>\n<p>Brettschichtholz, europ. L\u00e4rche<br \/>\nAbmessungen und L\u00e4ngen: auf Anfrage<\/p>\n<p>Wir k\u00f6nnen auch KVH und BSH in verschiedenen Festigkeiten als Direktlieferung nach Liste in Mehrfachl\u00e4ngen, gekappt oder abgebunden von unseren ausgew\u00e4hlten KVH und BSH Lieferanten anbieten. Des Weiteren k\u00f6nnen wir mit unserem Fuhrpark abgebundenes Holz von Ihrem Platz abholen und mit Entladem\u00f6glichkeit zu Ihrer Baustelle liefern.[\/vc_column_text][\/vc_column_inner][\/vc_row_inner][\/vc_column][\/vc_row]","protected":false},"excerpt":{"rendered":"<p>[vc_row type=&#8221;in_container&#8221; full_screen_row_position=&#8221;middle&#8221; bg_color=&#8221;#ffffff&#8221; scene_position=&#8221;center&#8221; text_color=&#8221;dark&#8221; text_align=&#8221;left&#8221; overlay_strength=&#8221;0.3&#8243; shape_divider_position=&#8221;bottom&#8221; shape_type=&#8221;&#8221;][vc_column column_padding=&#8221;no-extra-padding&#8221; column_padding_position=&#8221;all&#8221; background_color_opacity=&#8221;1&#8243; background_hover_color_opacity=&#8221;1&#8243; column_shadow=&#8221;none&#8221; column_border_radius=&#8221;none&#8221; width=&#8221;1\/1&#8243; tablet_text_alignment=&#8221;default&#8221; phone_text_alignment=&#8221;default&#8221; column_border_width=&#8221;none&#8221; column_border_style=&#8221;solid&#8221;][vc_column_text] KVH &amp; BSH [\/vc_column_text][\/vc_column][\/vc_row][vc_row type=&#8221;in_container&#8221; full_screen_row_position=&#8221;middle&#8221; scene_position=&#8221;center&#8221; text_color=&#8221;dark&#8221; text_align=&#8221;left&#8221;&#8230;<\/p>\n","protected":false},"author":2,"featured_media":0,"parent":0,"menu_order":0,"comment_status":"closed","ping_status":"closed","template":"","meta":{"footnotes":""},"class_list":["post-235","page","type-page","status-publish"],"_links":{"self":[{"href":"https:\/\/holz-lohse.de\/en\/wp-json\/wp\/v2\/pages\/235","targetHints":{"allow":["GET"]}}],"collection":[{"href":"https:\/\/holz-lohse.de\/en\/wp-json\/wp\/v2\/pages"}],"about":[{"href":"https:\/\/holz-lohse.de\/en\/wp-json\/wp\/v2\/types\/page"}],"author":[{"embeddable":true,"href":"https:\/\/holz-lohse.de\/en\/wp-json\/wp\/v2\/users\/2"}],"replies":[{"embeddable":true,"href":"https:\/\/holz-lohse.de\/en\/wp-json\/wp\/v2\/comments?post=235"}],"version-history":[{"count":22,"href":"https:\/\/holz-lohse.de\/en\/wp-json\/wp\/v2\/pages\/235\/revisions"}],"predecessor-version":[{"id":506,"href":"https:\/\/holz-lohse.de\/en\/wp-json\/wp\/v2\/pages\/235\/revisions\/506"}],"wp:attachment":[{"href":"https:\/\/holz-lohse.de\/en\/wp-json\/wp\/v2\/media?parent=235"}],"curies":[{"name":"wp","href":"https:\/\/api.w.org\/{rel}","templated":true}]}}