{"id":252,"date":"2018-05-02T12:25:04","date_gmt":"2018-05-02T12:25:04","guid":{"rendered":"https:\/\/holz-lohse.de\/?page_id=252"},"modified":"2018-05-02T12:25:04","modified_gmt":"2018-05-02T12:25:04","slug":"daemmung-folien-klebesysteme","status":"publish","type":"page","link":"https:\/\/holz-lohse.de\/en\/daemmung-folien-klebesysteme\/","title":{"rendered":"D\u00e4mmung, Folien, Klebesysteme"},"content":{"rendered":"[vc_row type=&#8221;in_container&#8221; full_screen_row_position=&#8221;middle&#8221; bg_color=&#8221;#ffffff&#8221; scene_position=&#8221;center&#8221; text_color=&#8221;dark&#8221; text_align=&#8221;left&#8221; overlay_strength=&#8221;0.3&#8243; shape_divider_position=&#8221;bottom&#8221; shape_type=&#8221;&#8221;][vc_column column_padding=&#8221;no-extra-padding&#8221; column_padding_position=&#8221;all&#8221; background_color_opacity=&#8221;1&#8243; background_hover_color_opacity=&#8221;1&#8243; column_shadow=&#8221;none&#8221; column_border_radius=&#8221;none&#8221; width=&#8221;1\/1&#8243; tablet_text_alignment=&#8221;default&#8221; phone_text_alignment=&#8221;default&#8221; column_border_width=&#8221;none&#8221; column_border_style=&#8221;solid&#8221;][vc_column_text]\n<h1>D\u00e4mmung, Folien, Klebesysteme<\/h1>\n[\/vc_column_text][\/vc_column][\/vc_row][vc_row type=&#8221;in_container&#8221; full_screen_row_position=&#8221;middle&#8221; scene_position=&#8221;center&#8221; text_color=&#8221;dark&#8221; text_align=&#8221;left&#8221; bottom_padding=&#8221;50&#8243; overlay_strength=&#8221;0.3&#8243; shape_divider_position=&#8221;bottom&#8221; shape_type=&#8221;&#8221;][vc_column column_padding=&#8221;no-extra-padding&#8221; column_padding_position=&#8221;all&#8221; background_color_opacity=&#8221;1&#8243; background_hover_color_opacity=&#8221;1&#8243; column_shadow=&#8221;none&#8221; column_border_radius=&#8221;none&#8221; width=&#8221;1\/1&#8243; tablet_text_alignment=&#8221;default&#8221; phone_text_alignment=&#8221;default&#8221; column_border_width=&#8221;none&#8221; column_border_style=&#8221;solid&#8221;][vc_column_text css=&#8221;.vc_custom_1525263801868{padding-bottom: 20px !important;}&#8221;]\n<h2 class=\"contentheadingdfkmain\">\u00d6kologische D\u00e4mmstoffe (Lagerware)<\/h2>\n[\/vc_column_text][vc_row_inner column_margin=&#8221;default&#8221; text_align=&#8221;left&#8221;][vc_column_inner column_padding=&#8221;no-extra-padding&#8221; column_padding_position=&#8221;all&#8221; background_color_opacity=&#8221;1&#8243; background_hover_color_opacity=&#8221;1&#8243; column_shadow=&#8221;none&#8221; column_border_radius=&#8221;none&#8221; width=&#8221;1\/1&#8243; column_border_width=&#8221;none&#8221; column_border_style=&#8221;solid&#8221;][vc_column_text]\n<ul class=\"smartlist\">\n<li>Flexible Holzfaserplatten ( f\u00fcr z.B. Zwischensparrend\u00e4mmung )\n<ul class=\"daemstoffe\">\n<li>Homatherm holzFlex standard<br \/>\nFormat: 1,25 x 0,58 m<br \/>\nSt\u00e4rken: 40\/ 60\/ 80\/ 100\/ 120\/ 140\/ 160\/ 180 und 200 m\/m lieferbar<\/li>\n<li>Homatherm holzFlex protect<br \/>\nFormat: 1,25 x 0,57 m<br \/>\nSt\u00e4rken: 140\/ 160\/ 180 und 200 m\/m lieferbar<\/li>\n<\/ul>\n<\/li>\n<li>Zellulosed\u00e4mmplatten ( optimal f\u00fcr Schallschutz und Trockenbau )\n<ul class=\"daemstoffe\">\n<li>Homatherm flexCL<br \/>\nFormat: 1,20 x 0,625m<br \/>\nin den St\u00e4rken 40\/ 50\/ 60\/ 80 und 100 m\/m lieferbar<\/li>\n<\/ul>\n<\/li>\n<li>Zellulosed\u00e4mmflocken zum Einblasen\n<ul class=\"daemstoffe\">\n<li>Homatherm fineFloc<\/li>\n<\/ul>\n<\/li>\n<li>w\u00e4rmed\u00e4mmende Unterdeckplatte ( f\u00fcr Einsatz im Dach- und Wandbereich )\n<ul class=\"daemstoffe\">\n<li>Homatherm UD-Q11 protect<br \/>\nFormat: 2,525 x 0,615 m<br \/>\nin den St\u00e4rken 22\/ 35\/ 52\/ 60 und 80\u00a0m\/m lieferbar<\/li>\n<\/ul>\n<\/li>\n<li>Putztr\u00e4gerplatte f\u00fcr WDVS im Holzrahmenbau\n<ul class=\"daemstoffe\">\n<li>Homatherm FD-Q11 protect (EnergiePlus comfort)<br \/>\nFormat: 1,325 x 0,615 m<br \/>\nin der St\u00e4rke 60 m\/m lieferbar<\/li>\n<\/ul>\n<\/li>\n<\/ul>\n<p>Selbstverst\u00e4ndlich k\u00f6nnen wir Ihnen auch alle anderen Produkte aus dem Hause Homatherm anbieten. Wir gleichen unser Lagersortiment stetig Ihren Bed\u00fcrfnissen an.[\/vc_column_text][\/vc_column_inner][\/vc_row_inner][\/vc_column][\/vc_row][vc_row type=&#8221;in_container&#8221; full_screen_row_position=&#8221;middle&#8221; scene_position=&#8221;center&#8221; text_color=&#8221;dark&#8221; text_align=&#8221;left&#8221; bottom_padding=&#8221;50&#8243; overlay_strength=&#8221;0.3&#8243; shape_divider_position=&#8221;bottom&#8221; shape_type=&#8221;&#8221;][vc_column column_padding=&#8221;no-extra-padding&#8221; column_padding_position=&#8221;all&#8221; background_color_opacity=&#8221;1&#8243; background_hover_color_opacity=&#8221;1&#8243; column_shadow=&#8221;none&#8221; column_border_radius=&#8221;none&#8221; width=&#8221;1\/1&#8243; tablet_text_alignment=&#8221;default&#8221; phone_text_alignment=&#8221;default&#8221; column_border_width=&#8221;none&#8221; column_border_style=&#8221;solid&#8221;][vc_column_text css=&#8221;.vc_custom_1525263832708{padding-bottom: 20px !important;}&#8221;]\n<h2 class=\"contentheadingdfkmain\">Baufolien und Klebeb\u00e4nder<\/h2>\n[\/vc_column_text][vc_row_inner column_margin=&#8221;default&#8221; text_align=&#8221;left&#8221;][vc_column_inner column_padding=&#8221;no-extra-padding&#8221; column_padding_position=&#8221;all&#8221; background_color_opacity=&#8221;1&#8243; background_hover_color_opacity=&#8221;1&#8243; column_shadow=&#8221;none&#8221; column_border_radius=&#8221;none&#8221; width=&#8221;1\/1&#8243; column_border_width=&#8221;none&#8221; column_border_style=&#8221;solid&#8221;][vc_column_text]\n<ul class=\"smartlist\">\n<li><b>Baufolien und Klebeb\u00e4nder<br \/>\n<\/b><\/li>\n<\/ul>\n<ul class=\"smartlist\">\n<li>Firma D\u00f6rken (Delta)<\/li>\n<li>Firma Moll (pro clima)<\/li>\n<li>Firma DuPont (Tyvek)<\/li>\n<\/ul>\n[\/vc_column_text][\/vc_column_inner][\/vc_row_inner][\/vc_column][\/vc_row]\n","protected":false},"excerpt":{"rendered":"<p>[vc_row type=&#8221;in_container&#8221; full_screen_row_position=&#8221;middle&#8221; bg_color=&#8221;#ffffff&#8221; scene_position=&#8221;center&#8221; text_color=&#8221;dark&#8221; text_align=&#8221;left&#8221; overlay_strength=&#8221;0.3&#8243; shape_divider_position=&#8221;bottom&#8221; shape_type=&#8221;&#8221;][vc_column column_padding=&#8221;no-extra-padding&#8221; column_padding_position=&#8221;all&#8221; background_color_opacity=&#8221;1&#8243; background_hover_color_opacity=&#8221;1&#8243; column_shadow=&#8221;none&#8221; column_border_radius=&#8221;none&#8221; width=&#8221;1\/1&#8243; tablet_text_alignment=&#8221;default&#8221; phone_text_alignment=&#8221;default&#8221; column_border_width=&#8221;none&#8221; column_border_style=&#8221;solid&#8221;][vc_column_text] D\u00e4mmung, Folien, Klebesysteme [\/vc_column_text][\/vc_column][\/vc_row][vc_row type=&#8221;in_container&#8221; full_screen_row_position=&#8221;middle&#8221; scene_position=&#8221;center&#8221; text_color=&#8221;dark&#8221; text_align=&#8221;left&#8221;&#8230;<\/p>\n","protected":false},"author":2,"featured_media":0,"parent":0,"menu_order":0,"comment_status":"closed","ping_status":"closed","template":"","meta":{"footnotes":""},"class_list":["post-252","page","type-page","status-publish"],"_links":{"self":[{"href":"https:\/\/holz-lohse.de\/en\/wp-json\/wp\/v2\/pages\/252","targetHints":{"allow":["GET"]}}],"collection":[{"href":"https:\/\/holz-lohse.de\/en\/wp-json\/wp\/v2\/pages"}],"about":[{"href":"https:\/\/holz-lohse.de\/en\/wp-json\/wp\/v2\/types\/page"}],"author":[{"embeddable":true,"href":"https:\/\/holz-lohse.de\/en\/wp-json\/wp\/v2\/users\/2"}],"replies":[{"embeddable":true,"href":"https:\/\/holz-lohse.de\/en\/wp-json\/wp\/v2\/comments?post=252"}],"version-history":[{"count":1,"href":"https:\/\/holz-lohse.de\/en\/wp-json\/wp\/v2\/pages\/252\/revisions"}],"predecessor-version":[{"id":253,"href":"https:\/\/holz-lohse.de\/en\/wp-json\/wp\/v2\/pages\/252\/revisions\/253"}],"wp:attachment":[{"href":"https:\/\/holz-lohse.de\/en\/wp-json\/wp\/v2\/media?parent=252"}],"curies":[{"name":"wp","href":"https:\/\/api.w.org\/{rel}","templated":true}]}}