{"id":602,"date":"2018-10-04T06:38:33","date_gmt":"2018-10-04T06:38:33","guid":{"rendered":"https:\/\/holz-lohse.de\/?page_id=602"},"modified":"2018-10-04T06:48:01","modified_gmt":"2018-10-04T06:48:01","slug":"agb","status":"publish","type":"page","link":"https:\/\/holz-lohse.de\/en\/agb\/","title":{"rendered":"AGB"},"content":{"rendered":"[vc_row type=&#8221;in_container&#8221; full_screen_row_position=&#8221;middle&#8221; scene_position=&#8221;center&#8221; text_color=&#8221;dark&#8221; text_align=&#8221;left&#8221; overlay_strength=&#8221;0.3&#8243; shape_divider_position=&#8221;bottom&#8221;][vc_column column_padding=&#8221;no-extra-padding&#8221; column_padding_position=&#8221;all&#8221; background_color_opacity=&#8221;1&#8243; background_hover_color_opacity=&#8221;1&#8243; column_shadow=&#8221;none&#8221; column_border_radius=&#8221;none&#8221; width=&#8221;1\/1&#8243; tablet_text_alignment=&#8221;default&#8221; phone_text_alignment=&#8221;default&#8221; column_border_width=&#8221;none&#8221; column_border_style=&#8221;solid&#8221;][vc_column_text]<strong>AGB<\/strong><\/p>\n<ol>\n<li><strong> G\u00fcltigkeit der Bedingungen<\/strong><\/li>\n<\/ol>\n<p>F\u00fcr unsere Lieferungen haben, sofern schriftlich nichts anders vereinbart ist, nur unsere nachstehenden Bedingungen G\u00fcltigkeit. Anders lautende Bedingungen gelten nur, wenn sie von uns ausdr\u00fccklich schriftlich best\u00e4tigt und anerkannt worden sind. Diese Bedingungen gelten auch f\u00fcr alle zuk\u00fcnftigen Gesch\u00e4fte mit dem K\u00e4ufer.<\/p>\n<ol start=\"2\">\n<li><strong> Angebote<\/strong><\/li>\n<\/ol>\n<p>Alle unsere Angebote sind freibleibend. Zwischenverkauf bleibt vorbehalten, Vertragsabschl\u00fcsse und sonstige Vereinbarungen werden erst durch unsere schriftliche Best\u00e4tigung verbindlich.<strong>\u00a0<\/strong><\/p>\n<ol start=\"3\">\n<li><strong> Preise<\/strong><\/li>\n<\/ol>\n<p>Alle Preise basieren auf den zur Zeit g\u00fcltigen Seefrachtraten, Umschlags- und Transporttarifen, Steuern, Z\u00f6llen und sonstigen Abgaben. Ergibt sich in der Zwischenzeit des Vertragsabschlusses bis zur Vertragsauslieferung eine Erh\u00f6hung dieser Kosten oder Abgaben, sind wir berechtigt, die Lieferung zu den am Tage der Ausf\u00fchrung g\u00fcltigen Preisen vorzunehmen.<\/p>\n<ol start=\"4\">\n<li><strong> Lieferung<\/strong><\/li>\n<\/ol>\n<p>in F\u00e4llen h\u00f6herer Gewalt oder anderer unvorhergesehener St\u00f6rungen, in denen die Lieferung verz\u00f6gert, erschwert, ganz oder teilweise unm\u00f6glich wird, ist der Verk\u00e4ufer berechtigt, die Lieferzeit einseitig zu verl\u00e4ngern bzw. ganz vom bestehenden Vertrag zur\u00fcckzutreten. Dies gilt auch f\u00fcr nicht richtige oder rechtzeitige Selbstbelieferung. Mit Bereitstellung der verkauften Ware am vereinbarten Lieferungsort durch den Verk\u00e4ufer geht das Risiko bzw. die Gefahr auf den K\u00e4ufer \u00fcber. Der Verk\u00e4ufer haftet nicht f\u00fcr Verlust, Wertminderung, Diebstahl oder Besch\u00e4digung durch Feuer und Wasser oder andere auftretende Sch\u00e4den.<\/p>\n<ol start=\"5\">\n<li><strong> M\u00e4ngelr\u00fcge<\/strong><\/li>\n<\/ol>\n<p>a)<\/p>\n<p>Gew\u00e4hrleistungsrechte des K\u00e4ufers setzen voraus, dass dieser seinen nach \u00a7 377 HGB geschuldeten Untersuchungs- und R\u00fcgepflichten ordnungsgem\u00e4\u00df nachgekommen ist. Der K\u00e4ufer ist im Falle einer Beanstandung verpflichtet, die gelieferte Ware komplett am Empfangsort zur Besichtigung zur Verf\u00fcgung zu halten, um evtl. Anspruchsrechte zu wahren. Ist die Ware vom Verk\u00e4ufer bzw. dessen Beauftragten besichtigt und abgenommen worden, ist die R\u00fcge von M\u00e4ngeln hinsichtlich der Qualit\u00e4t, Schnittqualit\u00e4t, Feuchtigkeit, Menge und Abmessungen etc. ausgeschlossen. Handels\u00fcbliche Toleranzen in den Abmessungen hat der K\u00e4ufer zu akzeptieren, dieses hat insbesondere G\u00fcltigkeit bei k\u00fcnstlich getrockneter Ware.<\/p>\n<p>b)<\/p>\n<p>M\u00e4ngelanspr\u00fcche verj\u00e4hren in zw\u00f6lf Monaten nach Ablieferung der Ware beim K\u00e4ufer. F\u00fcr Schadensersatzanspr\u00fcche bei Vorsatz und grober Fahrl\u00e4ssigkeit sowie bei Verletzung von Leben, K\u00f6rper und Gesundheit, die auf einer vors\u00e4tzlichen oder fahrl\u00e4ssigen Pflichtverletzung des Verwenders beruhen, gilt die gesetzliche Verj\u00e4hrungsfrist.<\/p>\n<p>c)<\/p>\n<p>Sollte trotz aller aufgewendeter Sorgfalt die gelieferte Ware einen Mangel aufweisen, der bereits zum Zeitpunkt des Gefahr\u00fcbergangs vorlag, so werden wir die Ware, vorbehaltlich fristgerechter M\u00e4ngelr\u00fcge nach unserer Wahl nachbessern oder Ersatzware liefern. Es ist uns stets Gelegenheit zur Nacherf\u00fcllung innerhalb angemessener Frist zu geben.<\/p>\n<p>d)<\/p>\n<p>Schl\u00e4gt die Nacherf\u00fcllung fehl, kann der K\u00e4ufer &#8211; unbeschadet etwaiger Schadensersatzanspr\u00fcche &#8211; vom Vertrag zur\u00fccktreten oder die Verg\u00fctung mindern.<\/p>\n<p>e)<\/p>\n<p>M\u00e4ngelanspr\u00fcche bestehen nicht bei nur unerheblicher Abweichung von der vereinbarten Beschaffenheit, bei nur unerheblicher Beeintr\u00e4chtigung der Brauchbarkeit, bei Sch\u00e4den, die nach dem Gefahr\u00fcbergang infolge fehlerhafter oder nachl\u00e4ssiger Behandlung, \u00fcberm\u00e4\u00dfiger Beanspruchung, ungeeigneter Betriebsmittel, mangelhafter Verarbeitung oder aufgrund besonderer \u00e4u\u00dferer Einfl\u00fcsse entstehen, die nach dem Vertrag nicht vorausgesetzt sind.<\/p>\n<p>f)<\/p>\n<p>Anspr\u00fcche des K\u00e4ufers wegen der zum Zweck der Nacherf\u00fcllung erforderlichen Aufwendungen, insbesondere Transport-, Wege-, Arbeits- und Materialkosten, sind ausgeschlossen, soweit die Aufwendungen sich erh\u00f6hen, weil die von uns gelieferte Ware nachtr\u00e4glich an einen anderen Ort als die Niederlassung des Bestellers verbracht worden ist, es sei denn, die Verbringung entspricht ihrem bestimmungsgem\u00e4\u00dfen Gebrauch.<\/p>\n<p>g)<\/p>\n<p>R\u00fcckgriffsanspr\u00fcche des Bestellers gegen uns bestehen nur insoweit, als der Besteller mit seinem Abnehmer keine \u00fcber die gesetzlich zwingenden M\u00e4ngelanspr\u00fcche hinausgehenden Vereinbarungen getroffen hat. F\u00fcr den Umfang des R\u00fcckgriffsanspruches des Bestellers gegen den Lieferer gilt ferner Absatz f) entsprechend.<\/p>\n<p>&nbsp;<\/p>\n<ol start=\"6\">\n<li><strong> Zahlungen<\/strong><\/li>\n<\/ol>\n<p>a)<\/p>\n<p>Mangels anderweitiger Tilgungsbestimmung des K\u00e4ufers gilt \u00a7 366 Abs. 2 BGB.<\/p>\n<p>b)<\/p>\n<p>Ab F\u00e4lligkeit unserer Forderung berechnen wir F\u00e4lligkeitszinsen in H\u00f6he von 5 % pro Jahr.<\/p>\n<p>c)<\/p>\n<p>Nach Verzugseintritt berechnen wir au\u00dferdem Verzugszinsen in H\u00f6he von 8 Prozentpunkten \u00fcber dem Basiszinssatz der EZB.<\/p>\n<p>d)<\/p>\n<p>Ferner werden alle durch den Zahlungsverzug entstehenden Kosten in Anrechnung gebracht. Bei Zahlungsverzug sind alle noch offen stehenden Forderungen sofort f\u00e4llig, auch dann, wenn in vorausgegangenen F\u00e4llen Stundung gew\u00e4hrt worden ist. Soweit Teillieferungen vereinbart worden sind, berechtigt uns nicht fristgem\u00e4\u00dfe Bezahlung zur Verweigerung der aus dem Auftrag noch zu liefernden Mengen ohne Schadensersatzpflicht.<\/p>\n<p>e)<\/p>\n<p>Ein Aufrechnungs- und Zur\u00fcckbehaltungsrecht des K\u00e4ufers ist ausgeschlossen, es sei denn, die Forderung des K\u00e4ufers ist von uns anerkannt oder rechtskr\u00e4ftig festgestellt.<\/p>\n<ol start=\"7\">\n<li><strong> Eigentumsvorbehalt<\/strong><\/li>\n<\/ol>\n<p>a)<\/p>\n<p>Die von uns gelieferten Waren bleiben bis zur v\u00f6lligen Bezahlung unserer s\u00e4mtlichen Forderungen, gleichg\u00fcltig aus welchem Rechtsgrund &#8211; bei Zahlung durch Scheck oder Wechsel bis zu deren Einl\u00f6sung &#8211; unser Eigentum (Vorbehaltsware), auch wenn der Kaufpreis f\u00fcr besonders bezeichnete Lieferungen bezahlt ist. Bei laufender Rechnung gilt das vorbehaltene Eigentum als Sicherung f\u00fcr unsere Saldoforderung.<\/p>\n<p>b)<\/p>\n<p>Die von uns gelieferte Vorbehaltsware ist vom K\u00e4ufer besonders deutlich zu kennzeichnen und lagern. Der K\u00e4ufer ist berechtigt, die Ware im ordnungsgem\u00e4\u00dfen Gesch\u00e4ftsgang zu ver\u00e4u\u00dfern, sofern er seinen Zahlungsverpflichtungen uns gegen\u00fcber nachgekommen ist. Die Verpf\u00e4ndung und Sicherungs\u00fcbereignung ist nicht erlaubt. Zur Wahrung der Unterscheidbarkeit d\u00fcrfen die von uns gelieferten Materialien nur mit separater Rechnung weitergegeben werden.<\/p>\n<p>c)<\/p>\n<p>Wird unsere Vorbehaltsware verarbeitet, vermengt, verbunden oder vermischt, so \u00fcbertr\u00e4gt der K\u00e4ufer uns zur Sicherung unserer Forderungen schon jetzt wertanteilm\u00e4\u00dfig (Rechnungswert) sein (Mit-)Eigentum an der neuentstandenen Sache (Sicherungseigentum), mit der gleichzeitigen Vereinbarung, dass er diese Sache unentgeltlich f\u00fcr uns verwahrt. Wir nehmen die Sicherungs\u00fcbereignung hiermit an.<\/p>\n<p>d)<\/p>\n<p>Alle Forderungen aus der Ver\u00e4u\u00dferung oder Verarbeitung unserer gegenw\u00e4rtig und zuk\u00fcnftig zu liefernden Vorbehaltsware und aus der Ver\u00e4u\u00dferung oder Verarbeitung des an die Stelle der Vorbehaltsware tretenden Sicherungseigentums tritt der K\u00e4ufer mit allen Nebenrechten zur Sicherung unserer Forderungen schon jetzt an uns ab; wir nehmen diese Abtretung hiermit an. Im Falle, dass Ware, an der wir Miteigentum haben, ver\u00e4u\u00dfert wird, beschr\u00e4nkt sich die Abtretung auf den erstrangigen Forderungsteil, der unserem Miteigentumsanteil entspricht.<\/p>\n<p>e)<\/p>\n<p>Der K\u00e4ufer ist auf unser Begehren verpflichtet, uns seine Forderungen gegen Dritte einzeln nachzuweisen und den Nacherwerbern die erfolgte Abtretung mitzuteilen mit der Aufforderung, bis zur H\u00f6he unserer Forderungen ausschlie\u00dflich an uns zu bezahlen. Es ist uns jederzeit gestattet, die Nacherwerber von der Abtretung in Kenntnis zu setzen und selbst die Einziehung der Forderung vorzunehmen. Es ist vom K\u00e4ufer nicht gestattet, eine anderweitige Abtretung vorzunehmen. Er ist berechtigt, diese Forderung so lange einzuziehen, als er seine Zahlungsverpflichtungen auch Dritten gegen\u00fcber erf\u00fcllt. Von Pf\u00e4ndungen und anderweitigen Zugriffen Dritter, durch welche unsere Sachen oder Rechte betroffen werden, hat uns der K\u00e4ufer unverz\u00fcglich zu benachrichtigen. Werden die von uns gelieferten Waren aufgrund unseres Eigentumsvorbehaltes zur\u00fcckgenommen, so gilt diese R\u00fccknahme im Zweifel als R\u00fccktritt vom Vertrag.<\/p>\n<p>f)<\/p>\n<p>Wir sind berechtigt, f\u00fcr die ordnungsgem\u00e4\u00dfe Erf\u00fcllung der Verbindlichkeiten des K\u00e4ufers Sicherheiten in ausreichender H\u00f6he zu fordern. \u00dcbersteigt der Wert der f\u00fcr uns aufgrund der vorstehenden Abs\u00e4tze bestehenden Sicherheiten die zu sichernden Forderungen um mehr als 25 %, werden wir auf Verlangen des K\u00e4ufers insoweit Sicherheiten nach unserer Wahl freigeben oder deren Freigabe veranlassen.<strong>\u00a0<\/strong><\/p>\n<p><strong>8 <\/strong><\/p>\n<ol>\n<li>a)<\/li>\n<\/ol>\n<p>Es gilt das materielle deutsche Recht unter Ausschluss des UN-Kaufrechts (CISG).<\/p>\n<p>b)<\/p>\n<p>Erf\u00fcllungsort und Gerichtsstand f\u00fcr beide Teile ist Rendsburg.<\/p>\n<p>c)<\/p>\n<p>Sollte eine der Bestimmungen unwirksam sein, wird die Wirksamkeit der \u00fcbrigen Bestimmungen dadurch nicht ber\u00fchrt. Das gleiche gilt, wenn einzelne Bedingungen nicht Vertragsbestandteil werden.[\/vc_column_text][\/vc_column][\/vc_row]","protected":false},"excerpt":{"rendered":"<p>[vc_row type=&#8221;in_container&#8221; full_screen_row_position=&#8221;middle&#8221; scene_position=&#8221;center&#8221; text_color=&#8221;dark&#8221; text_align=&#8221;left&#8221; overlay_strength=&#8221;0.3&#8243; shape_divider_position=&#8221;bottom&#8221;][vc_column column_padding=&#8221;no-extra-padding&#8221; column_padding_position=&#8221;all&#8221; background_color_opacity=&#8221;1&#8243; background_hover_color_opacity=&#8221;1&#8243; column_shadow=&#8221;none&#8221; column_border_radius=&#8221;none&#8221; width=&#8221;1\/1&#8243; tablet_text_alignment=&#8221;default&#8221; phone_text_alignment=&#8221;default&#8221; column_border_width=&#8221;none&#8221; column_border_style=&#8221;solid&#8221;][vc_column_text]AGB G\u00fcltigkeit der Bedingungen F\u00fcr unsere Lieferungen haben, sofern schriftlich nichts anders&#8230;<\/p>\n","protected":false},"author":4,"featured_media":0,"parent":0,"menu_order":0,"comment_status":"closed","ping_status":"closed","template":"","meta":{"footnotes":""},"class_list":["post-602","page","type-page","status-publish"],"_links":{"self":[{"href":"https:\/\/holz-lohse.de\/en\/wp-json\/wp\/v2\/pages\/602","targetHints":{"allow":["GET"]}}],"collection":[{"href":"https:\/\/holz-lohse.de\/en\/wp-json\/wp\/v2\/pages"}],"about":[{"href":"https:\/\/holz-lohse.de\/en\/wp-json\/wp\/v2\/types\/page"}],"author":[{"embeddable":true,"href":"https:\/\/holz-lohse.de\/en\/wp-json\/wp\/v2\/users\/4"}],"replies":[{"embeddable":true,"href":"https:\/\/holz-lohse.de\/en\/wp-json\/wp\/v2\/comments?post=602"}],"version-history":[{"count":4,"href":"https:\/\/holz-lohse.de\/en\/wp-json\/wp\/v2\/pages\/602\/revisions"}],"predecessor-version":[{"id":607,"href":"https:\/\/holz-lohse.de\/en\/wp-json\/wp\/v2\/pages\/602\/revisions\/607"}],"wp:attachment":[{"href":"https:\/\/holz-lohse.de\/en\/wp-json\/wp\/v2\/media?parent=602"}],"curies":[{"name":"wp","href":"https:\/\/api.w.org\/{rel}","templated":true}]}}